{"id":145518,"date":"2024-12-10T16:50:56","date_gmt":"2024-12-10T15:50:56","guid":{"rendered":"https:\/\/neofaktur.com\/?page_id=145518"},"modified":"2026-02-08T18:27:58","modified_gmt":"2026-02-08T17:27:58","slug":"transformation","status":"publish","type":"page","link":"https:\/\/neofaktur.com\/en\/transformation\/","title":{"rendered":"Transformation"},"content":{"rendered":"<div class=\"wpb-content-wrapper\"><div data-parent=\"true\" class=\"vc_row row-container\" id=\"row-unique-0\"><div class=\"row limit-width row-parent\"><div class=\"wpb_row row-inner\"><div class=\"wpb_column pos-top pos-center align_left column_parent col-lg-12 single-internal-gutter\"><div class=\"uncol style-light\"  ><div class=\"uncoltable\"><div class=\"uncell no-block-padding\" ><div class=\"uncont\" ><div class=\"uncode_text_column\" ><\/p>\n<h1 data-ccp-props=\"{&quot;335551550&quot;:1,&quot;335551620&quot;:1,&quot;335559683&quot;:0,&quot;335559685&quot;:0,&quot;335559731&quot;:0,&quot;335559737&quot;:0,&quot;335562764&quot;:2,&quot;335562765&quot;:0.9,&quot;335562766&quot;:4,&quot;335562767&quot;:9,&quot;335562768&quot;:4,&quot;335562769&quot;:0}\"><span class=\"TextRun MacChromeBold SpellingErrorZoomed SCXP233981260 BCX0\" lang=\"DE-DE\" style=\"color: #b01515;\" xml:lang=\"DE-DE\" data-usefontface=\"false\" data-contrast=\"none\"><span class=\"SCXP233981260 BCX0\">Strategie &amp; Kommunikation<\/span><\/span><\/h1>\n<h2 data-ccp-props=\"{&quot;335551550&quot;:1,&quot;335551620&quot;:1,&quot;335559683&quot;:0,&quot;335559685&quot;:0,&quot;335559731&quot;:0,&quot;335559737&quot;:0,&quot;335562764&quot;:2,&quot;335562765&quot;:0.9,&quot;335562766&quot;:4,&quot;335562767&quot;:9,&quot;335562768&quot;:4,&quot;335562769&quot;:0}\"><span style=\"color: #ab1111;\">Von der Mobilisierung bis zur Umsetzung<\/span><\/h2>\n<p>\n<\/div><div class=\"uncode_text_column\" ><\/p>\n<h4><span data-contrast=\"auto\">Eine Strategie wirkt erst dann, wenn sie verstanden wird und Menschen sie mittragen. Wir unterst\u00fctzen F\u00fchrungskr\u00e4fte dabei, den Wandel \u00fcber Abteilungsgrenzen hinweg in die Organisation zu bringen.<\/span><span data-ccp-props=\"{&quot;134233117&quot;:true,&quot;134233118&quot;:true}\">\u00a0<\/span><\/h4>\n<p><strong>Wir begleiten Sie bei:\u00a0<\/strong><\/p>\n<ul>\n<li aria-setsize=\"-1\" data-leveltext=\"\" data-font=\"Symbol\" data-listid=\"2\">der Kaskadierung der Unternehmensstrategie ins Unternehmen<\/li>\n<li aria-setsize=\"-1\" data-leveltext=\"\" data-font=\"Symbol\" data-listid=\"2\">klarer und wirksamer Kommunikation inkl. Positionierung<\/li>\n<li aria-setsize=\"-1\" data-leveltext=\"\" data-font=\"Symbol\" data-listid=\"2\">St\u00e4rkung und\/oder Entwicklung der werteorientierten F\u00fchrung<\/li>\n<li aria-setsize=\"-1\" data-leveltext=\"\" data-font=\"Symbol\" data-listid=\"2\">Motivation und Einbindung der Mitarbeitenden<\/li>\n<li aria-setsize=\"-1\" data-leveltext=\"\" data-font=\"Symbol\" data-listid=\"2\">der Aufl\u00f6sung von Silos und Schutzr\u00e4umen<\/li>\n<li aria-setsize=\"-1\" data-leveltext=\"\" data-font=\"Symbol\" data-listid=\"2\">dem Aufbau von prozess- und kundenorientierter Zusammenarbeit<\/li>\n<\/ul>\n<p><strong>Dadurch entsteht eine Kultur,\u00a0die aktiv durch die\u00a0F\u00fchrung gestaltet wird.\u00a0<\/strong><\/p>\n<p data-ccp-props=\"{&quot;335551550&quot;:1,&quot;335551620&quot;:1,&quot;335559683&quot;:0,&quot;335559685&quot;:0,&quot;335559731&quot;:0,&quot;335559737&quot;:0,&quot;335562764&quot;:2,&quot;335562765&quot;:0.9,&quot;335562766&quot;:4,&quot;335562767&quot;:9,&quot;335562768&quot;:4,&quot;335562769&quot;:0}\"><span data-usefontface=\"false\" data-contrast=\"none\"><strong>Mehr<\/strong>: <\/span><strong><a href=\"https:\/\/neofaktur.com\/en\/cultural-change-leadership\/\">Unternehmenskultur &amp; Leadership<\/a><\/strong><\/p>\n<p>\n<\/div><\/div><\/div><\/div><\/div><\/div><script id=\"script-row-unique-0\" data-row=\"script-row-unique-0\" type=\"text\/javascript\" class=\"vc_controls\">UNCODE.initRow(document.getElementById(\"row-unique-0\"));<\/script><\/div><\/div><\/div><div data-parent=\"true\" class=\"vc_row row-container\" id=\"row-unique-1\"><div class=\"row limit-width row-parent\"><div class=\"wpb_row row-inner\"><div class=\"wpb_column pos-top pos-center align_left column_parent col-lg-12 single-internal-gutter\"><div class=\"uncol style-light\"  ><div class=\"uncoltable\"><div class=\"uncell no-block-padding\" ><div class=\"uncont\" ><span class=\"btn-container\" ><a role=\"button\"  href=\"\/en\/#dienstleistungen\" class=\"custom-link btn border-width-0 btn-color-176248 btn-icon-left\" title=\"Our Services\">zur\u00fcck zur Dienstleistungsseite<\/a><\/span><\/div><\/div><\/div><\/div><\/div><script id=\"script-row-unique-1\" data-row=\"script-row-unique-1\" type=\"text\/javascript\" class=\"vc_controls\">UNCODE.initRow(document.getElementById(\"row-unique-1\"));<\/script><\/div><\/div><\/div>\n<\/div>","protected":false},"excerpt":{"rendered":"Strategie &amp; Kommunikation Von der Mobilisierung bis zur Umsetzung Eine Strategie wirkt erst dann, wenn sie verstanden wird und Menschen [...]","protected":false},"author":1,"featured_media":0,"parent":0,"menu_order":0,"comment_status":"closed","ping_status":"closed","template":"","meta":{"footnotes":"","_links_to":"","_links_to_target":""},"class_list":["post-145518","page","type-page","status-publish","hentry"],"yoast_head":"<!-- This site is optimized with the Yoast SEO plugin v27.6 - https:\/\/yoast.com\/product\/yoast-seo-wordpress\/ -->\n<title>Transformation - NEOFAKTUR<\/title>\n<meta name=\"robots\" content=\"index, follow, max-snippet:-1, max-image-preview:large, max-video-preview:-1\" \/>\n<link rel=\"canonical\" href=\"https:\/\/neofaktur.com\/en\/transformation\/\" \/>\n<meta property=\"og:locale\" content=\"en_US\" \/>\n<meta property=\"og:type\" content=\"article\" \/>\n<meta property=\"og:title\" content=\"Transformation - NEOFAKTUR\" \/>\n<meta property=\"og:url\" content=\"https:\/\/neofaktur.com\/en\/transformation\/\" \/>\n<meta property=\"og:site_name\" content=\"NEOFAKTUR\" \/>\n<meta property=\"article:modified_time\" content=\"2026-02-08T17:27:58+00:00\" \/>\n<meta name=\"twitter:card\" content=\"summary_large_image\" \/>\n<meta name=\"twitter:label1\" content=\"Est. reading time\" \/>\n\t<meta name=\"twitter:data1\" content=\"1 minute\" \/>\n<script type=\"application\/ld+json\" class=\"yoast-schema-graph\">{\"@context\":\"https:\\\/\\\/schema.org\",\"@graph\":[{\"@type\":\"WebPage\",\"@id\":\"https:\\\/\\\/neofaktur.com\\\/transformation\\\/\",\"url\":\"https:\\\/\\\/neofaktur.com\\\/transformation\\\/\",\"name\":\"Transformation - NEOFAKTUR\",\"isPartOf\":{\"@id\":\"https:\\\/\\\/neofaktur.com\\\/#website\"},\"datePublished\":\"2024-12-10T15:50:56+00:00\",\"dateModified\":\"2026-02-08T17:27:58+00:00\",\"breadcrumb\":{\"@id\":\"https:\\\/\\\/neofaktur.com\\\/transformation\\\/#breadcrumb\"},\"inLanguage\":\"en-US\",\"potentialAction\":[{\"@type\":\"ReadAction\",\"target\":[\"https:\\\/\\\/neofaktur.com\\\/transformation\\\/\"]}]},{\"@type\":\"BreadcrumbList\",\"@id\":\"https:\\\/\\\/neofaktur.com\\\/transformation\\\/#breadcrumb\",\"itemListElement\":[{\"@type\":\"ListItem\",\"position\":1,\"name\":\"Startseite\",\"item\":\"https:\\\/\\\/neofaktur.com\\\/\"},{\"@type\":\"ListItem\",\"position\":2,\"name\":\"Transformation\"}]},{\"@type\":\"WebSite\",\"@id\":\"https:\\\/\\\/neofaktur.com\\\/#website\",\"url\":\"https:\\\/\\\/neofaktur.com\\\/\",\"name\":\"NEOFAKTUR\",\"description\":\"Unternehmensberatung f\u00fcr Transformation\",\"publisher\":{\"@id\":\"https:\\\/\\\/neofaktur.com\\\/#organization\"},\"potentialAction\":[{\"@type\":\"SearchAction\",\"target\":{\"@type\":\"EntryPoint\",\"urlTemplate\":\"https:\\\/\\\/neofaktur.com\\\/?s={search_term_string}\"},\"query-input\":{\"@type\":\"PropertyValueSpecification\",\"valueRequired\":true,\"valueName\":\"search_term_string\"}}],\"inLanguage\":\"en-US\"},{\"@type\":\"Organization\",\"@id\":\"https:\\\/\\\/neofaktur.com\\\/#organization\",\"name\":\"NEOFAKTUR\",\"url\":\"https:\\\/\\\/neofaktur.com\\\/\",\"logo\":{\"@type\":\"ImageObject\",\"inLanguage\":\"en-US\",\"@id\":\"https:\\\/\\\/neofaktur.com\\\/#\\\/schema\\\/logo\\\/image\\\/\",\"url\":\"https:\\\/\\\/neofaktur.com\\\/wp-content\\\/uploads\\\/2024\\\/10\\\/logo_neofaktur.png\",\"contentUrl\":\"https:\\\/\\\/neofaktur.com\\\/wp-content\\\/uploads\\\/2024\\\/10\\\/logo_neofaktur.png\",\"width\":268,\"height\":332,\"caption\":\"NEOFAKTUR\"},\"image\":{\"@id\":\"https:\\\/\\\/neofaktur.com\\\/#\\\/schema\\\/logo\\\/image\\\/\"}}]}<\/script>\n<!-- \/ Yoast SEO plugin. -->","yoast_head_json":{"title":"Transformation - NEOFAKTUR","robots":{"index":"index","follow":"follow","max-snippet":"max-snippet:-1","max-image-preview":"max-image-preview:large","max-video-preview":"max-video-preview:-1"},"canonical":"https:\/\/neofaktur.com\/en\/transformation\/","og_locale":"en_US","og_type":"article","og_title":"Transformation - NEOFAKTUR","og_url":"https:\/\/neofaktur.com\/en\/transformation\/","og_site_name":"NEOFAKTUR","article_modified_time":"2026-02-08T17:27:58+00:00","twitter_card":"summary_large_image","twitter_misc":{"Est. reading time":"1 minute"},"schema":{"@context":"https:\/\/schema.org","@graph":[{"@type":"WebPage","@id":"https:\/\/neofaktur.com\/transformation\/","url":"https:\/\/neofaktur.com\/transformation\/","name":"Transformation - NEOFAKTUR","isPartOf":{"@id":"https:\/\/neofaktur.com\/#website"},"datePublished":"2024-12-10T15:50:56+00:00","dateModified":"2026-02-08T17:27:58+00:00","breadcrumb":{"@id":"https:\/\/neofaktur.com\/transformation\/#breadcrumb"},"inLanguage":"en-US","potentialAction":[{"@type":"ReadAction","target":["https:\/\/neofaktur.com\/transformation\/"]}]},{"@type":"BreadcrumbList","@id":"https:\/\/neofaktur.com\/transformation\/#breadcrumb","itemListElement":[{"@type":"ListItem","position":1,"name":"Startseite","item":"https:\/\/neofaktur.com\/"},{"@type":"ListItem","position":2,"name":"Transformation"}]},{"@type":"WebSite","@id":"https:\/\/neofaktur.com\/#website","url":"https:\/\/neofaktur.com\/","name":"NEOFAKTUR","description":"Unternehmensberatung f\u00fcr Transformation","publisher":{"@id":"https:\/\/neofaktur.com\/#organization"},"potentialAction":[{"@type":"SearchAction","target":{"@type":"EntryPoint","urlTemplate":"https:\/\/neofaktur.com\/?s={search_term_string}"},"query-input":{"@type":"PropertyValueSpecification","valueRequired":true,"valueName":"search_term_string"}}],"inLanguage":"en-US"},{"@type":"Organization","@id":"https:\/\/neofaktur.com\/#organization","name":"NEOFAKTUR","url":"https:\/\/neofaktur.com\/","logo":{"@type":"ImageObject","inLanguage":"en-US","@id":"https:\/\/neofaktur.com\/#\/schema\/logo\/image\/","url":"https:\/\/neofaktur.com\/wp-content\/uploads\/2024\/10\/logo_neofaktur.png","contentUrl":"https:\/\/neofaktur.com\/wp-content\/uploads\/2024\/10\/logo_neofaktur.png","width":268,"height":332,"caption":"NEOFAKTUR"},"image":{"@id":"https:\/\/neofaktur.com\/#\/schema\/logo\/image\/"}}]}},"_links":{"self":[{"href":"https:\/\/neofaktur.com\/en\/wp-json\/wp\/v2\/pages\/145518","targetHints":{"allow":["GET"]}}],"collection":[{"href":"https:\/\/neofaktur.com\/en\/wp-json\/wp\/v2\/pages"}],"about":[{"href":"https:\/\/neofaktur.com\/en\/wp-json\/wp\/v2\/types\/page"}],"author":[{"embeddable":true,"href":"https:\/\/neofaktur.com\/en\/wp-json\/wp\/v2\/users\/1"}],"replies":[{"embeddable":true,"href":"https:\/\/neofaktur.com\/en\/wp-json\/wp\/v2\/comments?post=145518"}],"version-history":[{"count":28,"href":"https:\/\/neofaktur.com\/en\/wp-json\/wp\/v2\/pages\/145518\/revisions"}],"predecessor-version":[{"id":146273,"href":"https:\/\/neofaktur.com\/en\/wp-json\/wp\/v2\/pages\/145518\/revisions\/146273"}],"wp:attachment":[{"href":"https:\/\/neofaktur.com\/en\/wp-json\/wp\/v2\/media?parent=145518"}],"curies":[{"name":"wp","href":"https:\/\/api.w.org\/{rel}","templated":true}]}}